{"id":862,"date":"2026-03-11T10:53:32","date_gmt":"2026-03-11T09:53:32","guid":{"rendered":"https:\/\/www.toulouse-white-biotechnology.com?page_id=862"},"modified":"2026-03-12T12:15:50","modified_gmt":"2026-03-12T11:15:50","slug":"consortium","status":"publish","type":"page","link":"https:\/\/www.toulouse-white-biotechnology.com\/en\/who-we-are\/consortium\/","title":{"rendered":"Consortium"},"content":{"rendered":"<section class=\"acf pageheader-level-2 default-align-wide alignwide wp-block-acf-pageheader-level-2\" id=\"block_5f7b15ae2197ecb30850ca5a1f058409\">\n\t<div class=\"pageheader-level-2-content\">\n\t\t<div class=\"container\">\n\t\t\t<div class=\"pageheader-level-2-content-inner\">\n                <nav id=\"breadcrumbs\" class=\"breadcrumb is-style-white-breadcrumbs\"><span><span><a href=\"https:\/\/www.toulouse-white-biotechnology.com\/en\/\">Home<\/a><\/span><\/span><\/nav>\n\t\t\t\t\t\t\t\t\t<h1 class=\"pageheader-level-2-title\">Consortium<\/h1>\n\t\t\t\t\t\t\t<\/div>\n\t\t<\/div>\n\t<\/div>\n<\/section>\n\n\n\n<p>Le consortium de TWB associe membres priv\u00e9s et publics.<br>Il est associ\u00e9 \u00e0 la gouvernance de TWB, au travers du Comit\u00e9 d&#8217;Orientation Strat\u00e9gique auquel il participe et dont il assure la vice-pr\u00e9sidence pour d\u00e9terminer la feuille de route du d\u00e9monstrateur.<\/p>\n\n\n\n<p>Les membres du consortium sont li\u00e9s par l&#8217;accord de consortium selon 3 niveaux d&#8217;implication, pioneer, catalyst, synergiste qui <strong>(\u00e0 compl\u00e9ter !)<\/strong><\/p>\n\n\n\n<div class=\"wp-block-buttons is-layout-flex wp-block-buttons-is-layout-flex\">\n<div class=\"wp-block-button\"><a class=\"wp-block-button__link wp-element-button\" href=\"https:\/\/www.toulouse-white-biotechnology.com\/en\/our-solutions\/consortium-offer\/\">Voir l&#8217;offre Consortium<\/a><\/div>\n<\/div>\n\n\n\n\n\n<p><\/p>\n","protected":false},"excerpt":{"rendered":"<p>Le consortium de TWB associe membres priv\u00e9s et publics.Il est associ\u00e9 \u00e0 la gouvernance de TWB, au travers du Comit\u00e9 d&#8217;Orientation Strat\u00e9gique auquel il participe et dont il assure la vice-pr\u00e9sidence pour d\u00e9terminer la feuille de route du d\u00e9monstrateur. Les membres du consortium sont li\u00e9s par l&#8217;accord de consortium selon 3 niveaux d&#8217;implication, pioneer, catalyst, [&hellip;]<\/p>\n","protected":false},"author":1,"featured_media":0,"parent":860,"menu_order":0,"comment_status":"closed","ping_status":"closed","template":"","meta":{"_acf_changed":false,"_schema_org_content_json":"","footnotes":""},"class_list":["post-862","page","type-page","status-publish","hentry"],"acf":[],"_links":{"self":[{"href":"https:\/\/www.toulouse-white-biotechnology.com\/en\/wp-json\/wp\/v2\/pages\/862","targetHints":{"allow":["GET"]}}],"collection":[{"href":"https:\/\/www.toulouse-white-biotechnology.com\/en\/wp-json\/wp\/v2\/pages"}],"about":[{"href":"https:\/\/www.toulouse-white-biotechnology.com\/en\/wp-json\/wp\/v2\/types\/page"}],"author":[{"embeddable":true,"href":"https:\/\/www.toulouse-white-biotechnology.com\/en\/wp-json\/wp\/v2\/users\/1"}],"replies":[{"embeddable":true,"href":"https:\/\/www.toulouse-white-biotechnology.com\/en\/wp-json\/wp\/v2\/comments?post=862"}],"version-history":[{"count":1,"href":"https:\/\/www.toulouse-white-biotechnology.com\/en\/wp-json\/wp\/v2\/pages\/862\/revisions"}],"predecessor-version":[{"id":863,"href":"https:\/\/www.toulouse-white-biotechnology.com\/en\/wp-json\/wp\/v2\/pages\/862\/revisions\/863"}],"up":[{"embeddable":true,"href":"https:\/\/www.toulouse-white-biotechnology.com\/en\/wp-json\/wp\/v2\/pages\/860"}],"wp:attachment":[{"href":"https:\/\/www.toulouse-white-biotechnology.com\/en\/wp-json\/wp\/v2\/media?parent=862"}],"curies":[{"name":"wp","href":"https:\/\/api.w.org\/{rel}","templated":true}]}}